{"id":159,"date":"2012-11-06T13:52:33","date_gmt":"2012-11-06T12:52:33","guid":{"rendered":"http:\/\/serwer1446615.home.pl\/hosting\/ibnpdem\/?page_id=159"},"modified":"2012-11-06T13:52:33","modified_gmt":"2012-11-06T12:52:33","slug":"informacje-dla-darczyncow","status":"publish","type":"page","link":"http:\/\/www.ibpdem.edu.pl\/?page_id=159","title":{"rendered":"Informacje dla darczy\u0144c\u00f3w"},"content":{"rendered":"<p>Zgodnie z \u00a7 14 Statutu dochody Instytutu Bada\u0144 nad Podstawami Demokracji pochodz\u0105 z:<\/p>\n<ul>\n<li>a) darowizn, spadk\u00f3w, zapis\u00f3w<\/li>\n<li>b) subwencji os\u00f3b prawnych<\/li>\n<li>c) dochod\u00f3w z maj\u0105tku nieruchomego i ruchomego<\/li>\n<li>d) z odpisu od podatku dochodowego os\u00f3b fizycznych stosownie do obowi\u0105zuj\u0105cych przepis\u00f3w<\/li>\n<\/ul>\n<p>Instytut Bada\u0144 nad Podstawami Demokracji jest fundacj\u0105 naukowo-badawcz\u0105 za\u0142o\u017con\u0105 w 1995 roku. Instytut w latach 1998-2009 prowadzi\u0142, mi\u0119dzy innymi, badania por\u00f3wnawcze nad procesami przemian w Polsce i w Rosji, europejsk\u0105 to\u017csamo\u015bci\u0105 Polak\u00f3w, warto\u015bciami i postawami m\u0142odych Polak\u00f3w i m\u0142odych Niemc\u00f3w na proguXXI\u00a0stulecia, genez\u0105 i uwarunkowaniami swiadomo\u015bci narodowej Polak\u00f3w w\u00a0XIX\u00a0i XX wieku,wiedz\u0105 i umiej\u0119tno\u015bciami obywatelskimi polskich gimnazjalist\u00f3w w ramach por\u00f3wnawczego mi\u0119dzykrajowego badania \u201eInternational Civic and Citizenship Education Study\u201d, organizowanego przez International Educational Association.<\/p>\n<p>Instytut zwraca si\u0119 o skorzystanie z mo\u017cliwo\u015bci, kt\u00f3ra pozwala osobie fizycznej przekaza\u0107 1% nale\u017cnego podatku od dochodu na potrzeby organizacji po\u017cytku publicznego.<\/p>\n<p>W\u00a0<strong>kwestionariuszu PIT<\/strong>\u00a0nale\u017cy wpisa\u0107:<br \/>\nNazwa: Instytut Bada\u0144 nad Podstawami Demokracji<br \/>\nNumer KRS: 0000217470<\/p>\n<p>W wypadku\u00a0<strong>darowizn<\/strong>\u00a0wp\u0142aty mo\u017cna dokona\u0107 na konto:<br \/>\n<strong>Instytut Bada\u0144 nad Podstawami Demokracji<\/strong><br \/>\n<strong>Ul. Sosnowskiego 6\/9, 02-784 Warszawa<\/strong><br \/>\n<strong>Nr konta: 471160 2202 0000 0000 2821 8034<\/strong><br \/>\n<strong>Tytu\u0142 wp\u0142aty:<\/strong>\u00a0\u201ewp\u0142ata na rzecz organizacji po\u017cytku publicznego \u2013\u00a0KRS0000217470\u201d<\/p>\n","protected":false},"excerpt":{"rendered":"<p>Zgodnie z \u00a7 14 Statutu dochody Instytutu Bada\u0144 nad Podstawami Demokracji pochodz\u0105 z: a) darowizn, spadk\u00f3w, zapis\u00f3w b) subwencji os\u00f3b prawnych c) dochod\u00f3w z maj\u0105tku nieruchomego i ruchomego d) z odpisu od podatku dochodowego os\u00f3b fizycznych stosownie do obowi\u0105zuj\u0105cych przepis\u00f3w &hellip; <a href=\"http:\/\/www.ibpdem.edu.pl\/?page_id=159\">Czytaj dalej <span class=\"meta-nav\">&rarr;<\/span><\/a><\/p>\n","protected":false},"author":1,"featured_media":0,"parent":0,"menu_order":0,"comment_status":"closed","ping_status":"open","template":"","meta":{"footnotes":""},"_links":{"self":[{"href":"http:\/\/www.ibpdem.edu.pl\/index.php?rest_route=\/wp\/v2\/pages\/159"}],"collection":[{"href":"http:\/\/www.ibpdem.edu.pl\/index.php?rest_route=\/wp\/v2\/pages"}],"about":[{"href":"http:\/\/www.ibpdem.edu.pl\/index.php?rest_route=\/wp\/v2\/types\/page"}],"author":[{"embeddable":true,"href":"http:\/\/www.ibpdem.edu.pl\/index.php?rest_route=\/wp\/v2\/users\/1"}],"replies":[{"embeddable":true,"href":"http:\/\/www.ibpdem.edu.pl\/index.php?rest_route=%2Fwp%2Fv2%2Fcomments&post=159"}],"version-history":[{"count":1,"href":"http:\/\/www.ibpdem.edu.pl\/index.php?rest_route=\/wp\/v2\/pages\/159\/revisions"}],"predecessor-version":[{"id":160,"href":"http:\/\/www.ibpdem.edu.pl\/index.php?rest_route=\/wp\/v2\/pages\/159\/revisions\/160"}],"wp:attachment":[{"href":"http:\/\/www.ibpdem.edu.pl\/index.php?rest_route=%2Fwp%2Fv2%2Fmedia&parent=159"}],"curies":[{"name":"wp","href":"https:\/\/api.w.org\/{rel}","templated":true}]}}