{"id":146,"date":"2012-11-06T13:46:01","date_gmt":"2012-11-06T12:46:01","guid":{"rendered":"http:\/\/serwer1446615.home.pl\/hosting\/ibnpdem\/?page_id=146"},"modified":"2012-11-06T13:46:01","modified_gmt":"2012-11-06T12:46:01","slug":"zarzad","status":"publish","type":"page","link":"http:\/\/www.ibpdem.edu.pl\/?page_id=146","title":{"rendered":"Zarz\u0105d"},"content":{"rendered":"<div><img loading=\"lazy\" decoding=\"async\" src=\"http:\/\/www.ibpdem.edu.pl\/media\/foto\/wladze\/szawiel__JPG_65x100_q85.jpg\" alt=\"\" width=\"65\" height=\"97\" \/><\/div>\n<div>\n<h4>Dr Tadeusz Szawiel<\/h4>\n<p>Prezes<\/p>\n<\/div>\n<div>\n<div><img loading=\"lazy\" decoding=\"async\" src=\"http:\/\/www.ibpdem.edu.pl\/media\/foto\/wladze\/-3_jpg_65x100_q85.jpg\" alt=\"\" width=\"65\" height=\"97\" \/><\/div>\n<div>\n<h4>Dr hab. Miros\u0142awa Helena Grabowska<\/h4>\n<p>Cz\u0142onek Zarz\u0105du<\/p>\n<\/div>\n<\/div>\n<div>\n<div><img loading=\"lazy\" decoding=\"async\" src=\"http:\/\/www.ibpdem.edu.pl\/media\/foto\/wladze\/-7_jpg_65x100_q85.jpg\" alt=\"\" width=\"65\" height=\"97\" \/><\/div>\n<div>\n<h4>Prof. UW dr hab. Krzysztof Kose\u0142a<\/h4>\n<p>Cz\u0142onek Zarz\u0105du<\/p>\n<\/div>\n<\/div>\n<div>\n<div><img loading=\"lazy\" decoding=\"async\" src=\"http:\/\/www.ibpdem.edu.pl\/media\/foto\/wladze\/-1_jpg_65x100_q85.jpg\" alt=\"\" width=\"65\" height=\"86\" \/><\/div>\n<div>\n<h4>Dr Krystyna Ewa Siellawa-Kolbowska<\/h4>\n<p>Cz\u0142onek Zarz\u0105du<\/p>\n<\/div>\n<\/div>\n","protected":false},"excerpt":{"rendered":"<p>Dr Tadeusz Szawiel Prezes Dr hab. Miros\u0142awa Helena Grabowska Cz\u0142onek Zarz\u0105du Prof. UW dr hab. Krzysztof Kose\u0142a Cz\u0142onek Zarz\u0105du Dr Krystyna Ewa Siellawa-Kolbowska Cz\u0142onek Zarz\u0105du<\/p>\n","protected":false},"author":1,"featured_media":0,"parent":138,"menu_order":0,"comment_status":"closed","ping_status":"open","template":"","meta":{"footnotes":""},"_links":{"self":[{"href":"http:\/\/www.ibpdem.edu.pl\/index.php?rest_route=\/wp\/v2\/pages\/146"}],"collection":[{"href":"http:\/\/www.ibpdem.edu.pl\/index.php?rest_route=\/wp\/v2\/pages"}],"about":[{"href":"http:\/\/www.ibpdem.edu.pl\/index.php?rest_route=\/wp\/v2\/types\/page"}],"author":[{"embeddable":true,"href":"http:\/\/www.ibpdem.edu.pl\/index.php?rest_route=\/wp\/v2\/users\/1"}],"replies":[{"embeddable":true,"href":"http:\/\/www.ibpdem.edu.pl\/index.php?rest_route=%2Fwp%2Fv2%2Fcomments&post=146"}],"version-history":[{"count":1,"href":"http:\/\/www.ibpdem.edu.pl\/index.php?rest_route=\/wp\/v2\/pages\/146\/revisions"}],"predecessor-version":[{"id":147,"href":"http:\/\/www.ibpdem.edu.pl\/index.php?rest_route=\/wp\/v2\/pages\/146\/revisions\/147"}],"up":[{"embeddable":true,"href":"http:\/\/www.ibpdem.edu.pl\/index.php?rest_route=\/wp\/v2\/pages\/138"}],"wp:attachment":[{"href":"http:\/\/www.ibpdem.edu.pl\/index.php?rest_route=%2Fwp%2Fv2%2Fmedia&parent=146"}],"curies":[{"name":"wp","href":"https:\/\/api.w.org\/{rel}","templated":true}]}}