{"id":136,"date":"2012-11-06T13:41:24","date_gmt":"2012-11-06T12:41:24","guid":{"rendered":"http:\/\/serwer1446615.home.pl\/hosting\/ibnpdem\/?page_id=136"},"modified":"2015-12-03T22:12:55","modified_gmt":"2015-12-03T21:12:55","slug":"statut","status":"publish","type":"page","link":"http:\/\/www.ibpdem.edu.pl\/?page_id=136","title":{"rendered":"Statut"},"content":{"rendered":"<div>\n<p align=\"center\"><span style=\"font-size: 16px;\">\u00a0<\/span><span style=\"color: #000000; font-size: 1em;\">&#8222;Instytut Bada\u0144 nad Podstawami Demokracji&#8221; w Warszawie<\/span><\/p>\n<p>Rozdzia\u0142 I<\/p>\n<p>POSTANOWIENIA OG\u00d3LNE<\/p>\n<p>\u00a7 1<\/p>\n<p>Fundacja pod nazw\u0105 &#8222;Instytut Bada\u0144 nad Podstawami Demokracji&#8221;\u00a0 zwana dalej Fundacj\u0105 ustanowiona przez:<\/p>\n<p>&#8211; Miros\u0142aw\u0119 Helen\u0119 Grabowsk\u0105<\/p>\n<p>&#8211; Krystyn\u0119 Ew\u0119 Siellaw\u0119-Kolbowsk\u0105<\/p>\n<p>&#8211; Krzysztofa Mariana Kose\u0142\u0119<\/p>\n<p>&#8211; Tadeusza Szawiela<\/p>\n<p>zwanych dalej Fundatorami, aktem notarialnym sporz\u0105dzonym w Kancelarii Notarialnej w Warszawie przy ul. Ga\u0142czy\u0144skiego 4, przed asesorem notarialnym S\u0142awomirem Strojnym &#8211; zast\u0119pc\u0105 notariusza Marka Bartnickiego &#8211;\u00a0 w dniu 14 czerwca 1995 r. (Repetytorium A nr 3263\/95), dzia\u0142a na podstawie przepis\u00f3w ustawy z dnia 6 kwietnia 1984 r. o fundacjach (Dz.U. z 1984 nr 21, poz. 97), ustawy\u00a0 o dzia\u0142alno\u015bci po\u017cytku publicznego i o wolontariacie z dnia 24 kwietnia 2003 r. (Dz.U. z 2003 Nr 96, poz. 873) oraz postanowie\u0144 niniejszego statutu.<\/p>\n<p>\u00a7 2<\/p>\n<p>1. Fundacja posiada osobowo\u015b\u0107 prawn\u0105.<\/p>\n<p>2. Czas trwania Fundacji jest nieoznaczony.<\/p>\n<p>3. Siedzib\u0105 Fundacji jest miasto sto\u0142eczne Warszawa.<\/p>\n<p>\u00a7 3<\/p>\n<p>1. Terenem dzia\u0142ania Fundacji jest obszar Rzeczpospolitej Polskiej.<\/p>\n<p>2. Dla w\u0142a\u015bciwego realizowania swoich cel\u00f3w Fundacja mo\u017ce prowadzi\u0107 dzia\u0142alno\u015b\u0107 poza granicami Rzeczypospolitej Polskiej.<\/p>\n<p>\u00a7 4<\/p>\n<p>Ministrem w\u0142a\u015bciwym ze wzgl\u0119du na cele Fundacji jest Minister Nauki i Szkolnictwa Wy\u017cszego. Fundacja podlega r\u00f3wnie\u017c nadzorowi i kontroli Ministra Pracy i Polityki Spo\u0142ecznej.<\/p>\n<p>\u00a7 5<\/p>\n<p>Fundacja mo\u017ce tworzy\u0107 oddzia\u0142y, filie, zak\u0142ady, a tak\u017ce przyst\u0119powa\u0107 do sp\u00f3\u0142ek i fundacji.<\/p>\n<p>\u00a7 6<\/p>\n<p>Fundacja u\u017cywa pod\u0142u\u017cnej piecz\u0119ci z napisem wskazuj\u0105cym jej nazw\u0119 i siedzib\u0119.<\/p>\n<p>\u00a7 7<\/p>\n<\/div>\n<div>\n<p>Fundacja mo\u017ce ustanowi\u0107 i przyznawa\u0107 nagrody i wyr\u00f3\u017cnienia osobom zas\u0142u\u017conym dla cel\u00f3w obranych przez Fundacj\u0119 lub dla samej Fundacji.<\/p>\n<p>Rozdzia\u0142 II<\/p>\n<p>CELE I ZASADY DZIA\u0141ANIA FUNDACJI<\/p>\n<p>\u00a7 8<\/p>\n<p>Celami Fundacji jest:<\/p>\n<p>a) poszerzanie wiedzy naukowej i powi\u0119kszanie dorobku badawczego w dziedzinie filozoficznych, historycznych, spo\u0142ecznych, politycznych i kulturowych warunk\u00f3w powstania i funkcjonowania system\u00f3w demokratycznych we wsp\u00f3\u0142czesnych spo\u0142ecze\u0144stwach.<\/p>\n<p>b) udzielanie wsparcia osobom prowadz\u0105cym prace naukowe i badawcze w dziedzinie okre\u015blonej w punkcie a.<\/p>\n<p>\u00a7 9<\/p>\n<p>Fundacja realizuje swoje cele poprzez:<\/p>\n<p>a)\u00a0\u00a0\u00a0\u00a0 organizowanie i finansowanie konferencji, sympozj\u00f3w, kurs\u00f3w i wyk\u0142ad\u00f3w lub innych form edukacyjnych s\u0142u\u017c\u0105cych poszerzaniu i wymianie wiedzy w dziedzinie okre\u015blonej w \u00a7 8 pkt a.<\/p>\n<p>b)\u00a0\u00a0\u00a0\u00a0 prowadzenie bada\u0144 naukowych oraz finansowanie realizacji program\u00f3w badawczych s\u0142u\u017c\u0105cych poszerzaniu wiedzy w dziedzinie okre\u015blonej w \u00a7 8 pkt a.<\/p>\n<p>c)\u00a0\u00a0\u00a0\u00a0 organizowanie i finansowanie wyjazd\u00f3w polskich naukowc\u00f3w za granic\u0119 w celu wyg\u0142oszenia odczyt\u00f3w i wyk\u0142ad\u00f3w, uczestniczenia w konferencjach i sympozjach, a tak\u017ce w celu prowadzenia bada\u0144 rozwijaj\u0105cych wiedz\u0119 o problemach funkcjonowania wsp\u00f3\u0142czesnych spo\u0142ecze\u0144stw demokratycznych.<\/p>\n<p>d)\u00a0\u00a0\u00a0\u00a0 organizowanie i finansowanie przyjazd\u00f3w zagranicznych naukowc\u00f3w w celu uczestniczenia w sympozjach i konferencjach, wyg\u0142aszania odczyt\u00f3w i wyk\u0142ad\u00f3w, a tak\u017ce w celu prowadzenia bada\u0144 naukowych w dziedzinie okre\u015blonej w \u00a7 8 pkt a.<\/p>\n<p>e)\u00a0\u00a0\u00a0\u00a0 przyznawanie i finansowanie stypendi\u00f3w dla os\u00f3b realizuj\u0105cych prace naukowe lub programy badawcze w dziedzinie okre\u015blonej w \u00a7 8 pkt a.<\/p>\n<p>f)\u00a0\u00a0\u00a0\u00a0 wsp\u00f3\u0142prac\u0119 z instytucjami pa\u0144stwowymi i organizacjami spo\u0142ecznymi dzia\u0142aj\u0105cymi w zakresie obj\u0119tym celami Fundacji.<\/p>\n<p>g)\u00a0\u00a0\u00a0\u00a0 dzia\u0142alno\u015b\u0107 wydawnicz\u0105<\/p>\n<p>\u00a7 10<\/p>\n<p>Dla osi\u0105gni\u0119cia swych cel\u00f3w Fundacja mo\u017ce wspiera\u0107 osoby fizyczne oraz osoby prawne, kt\u00f3rych dzia\u0142alno\u015b\u0107 jest zbie\u017cna z celami Fundacji.<\/p>\n<p>\u00a7 11<\/p>\n<p>1. Dla zapewnienia realizacji swoich cel\u00f3w Fundacja prowadzi dzia\u0142alno\u015b\u0107 statutow\u0105 odp\u0142atn\u0105 i nieodp\u0142atn\u0105.<\/p>\n<p>2. Przedmiotem dzia\u0142alno\u015bci statutowej odp\u0142atnej Fundacji jest:<\/p>\n<p>a)\u00a0\u00a0\u00a0\u00a0 dzia\u0142alno\u015b\u0107 wydawnicza<\/p>\n<p>b)\u00a0\u00a0\u00a0\u00a0 prowadzenie bada\u0144 w dziedzinach okre\u015blonych w \u00a78 pkt a<\/p>\n<p>c)\u00a0\u00a0\u00a0\u00a0 \u015bwiadczenie us\u0142ug edukacyjnych<\/p>\n<p>d)\u00a0\u00a0\u00a0\u00a0 sporz\u0105dzanie ekspertyz<\/p>\n<\/div>\n<div>\n<p>3. Przedmiotem dzia\u0142alno\u015bci statutowej nieodp\u0142atnej Fundacji jest:<\/p>\n<p>a)\u00a0\u00a0\u00a0\u00a0 dzia\u0142alno\u015b\u0107 wydawnicza<\/p>\n<p>b)\u00a0\u00a0\u00a0\u00a0 prowadzenie bada\u0144 w dziedzinach okre\u015blonych w \u00a78 pkt a<\/p>\n<p>c)\u00a0\u00a0\u00a0\u00a0 \u015bwiadczenie us\u0142ug edukacyjnych<\/p>\n<p>d)\u00a0\u00a0\u00a0\u00a0 sporz\u0105dzanie ekspertyz<\/p>\n<p>Rozdzia\u0142 III<\/p>\n<p>MAJ\u0104TEK I DOCHODY FUNDACJI<\/p>\n<p>\u00a7 12<\/p>\n<p>1. Maj\u0105tek Fundacji stanowi Fundusz Za\u0142o\u017cycielski w kwocie pieni\u0119\u017cnej 2000 z\u0142otych (s\u0142ownie: dwa tysi\u0105ce z\u0142otych) wymieniony w akcie notarialnym jej ustanowienia.<\/p>\n<p>\u00a7 13<\/p>\n<p>Fundacja odpowiada za swoje zobowi\u0105zania ca\u0142ym swoim maj\u0105tkiem.<\/p>\n<p>\u00a7 14<\/p>\n<p>Dochody Fundacji pochodz\u0105 z:<\/p>\n<p>a) darowizn, spadk\u00f3w, zapis\u00f3w<\/p>\n<p>b) subwencji os\u00f3b prawnych<\/p>\n<p>c) dochod\u00f3w z maj\u0105tku nieruchomego i ruchomego<\/p>\n<p>d) z odpisu od podatku dochodowego os\u00f3b fizycznych stosownie do obowi\u0105zuj\u0105cych przepis\u00f3w<\/p>\n<p>\u00a7 15<\/p>\n<p>Dochody pochodz\u0105ce z subwencji, darowizn, spadk\u00f3w i zapis\u00f3w i odpis\u00f3w od podatku mog\u0105 by\u0107 u\u017cyte na realizacj\u0119 wszystkich cel\u00f3w Fundacji, o ile ofiarodawcy nie postanowili inaczej.<\/p>\n<p>\u00a7 16<\/p>\n<p>W przypadku powo\u0142ania Fundacji do dziedziczenia Zarz\u0105d sk\u0142ada o\u015bwiadczenie o przyj\u0119ciu spadku z dobrodziejstwem inwentarza i to tylko w\u00f3wczas, gdy w chwili sk\u0142adania tego o\u015bwiadczenia jest oczywiste, \u017ce stan czynny spadku znacznie przewy\u017csza d\u0142ugi spadkowe.<\/p>\n<p>\u00a7 17<\/p>\n<p>Osoby fizyczne i prawne, kt\u00f3re dokonuj\u0105 na rzecz Fundacji darowizny lub subwencji (jednorazowej lub \u0142\u0105cznej) w wysoko\u015bci odpowiadaj\u0105cej co najmniej r\u00f3wnowarto\u015bci 5000 dolar\u00f3w USA (s\u0142ownie: pi\u0119ciu tysi\u0119cy dolar\u00f3w USA) uzyskuj\u0105, o ile wyra\u017c\u0105 takie \u017cyczenie, tytu\u0142 Sponsora Fundacji.<\/p>\n<p>\u00a7 18<\/p>\n<p>Tytu\u0142 Sponsora ma charakter osobisty.<\/p>\n<p>\u00a7 19<\/p>\n<p>Zabronione jest:<\/p>\n<ol>\n<li>udzielanie po\u017cyczek lub zabezpieczania zobowi\u0105za\u0144 maj\u0105tkiem Fundacji w stosunku do jej<span style=\"font-size: 16px;\">\u00a0cz\u0142onk\u00f3w, cz\u0142onk\u00f3w organ\u00f3w Fundacji lub jej pracownik\u00f3w oraz os\u00f3b, z kt\u00f3rymi pracownicy<\/span><\/li>\n<\/ol>\n<p>pozostaj\u0105 w zwi\u0105zku ma\u0142\u017ce\u0144skim albo w stosunku pokrewie\u0144stwa lub powinowactwa w linii prostej,\u00a0 pokrewie\u0144stwa lub powinowactwa w linii bocznej do drugiego stopnia albo z tytu\u0142u przysposobienia, opieki lub kurateli, zwane dalej \u201eosobami bliskimi\u201d<\/p>\n<ol>\n<li>przekazywania maj\u0105tku Fundacji na rzecz jej cz\u0142onk\u00f3w, cz\u0142onk\u00f3w organ\u00f3w lub pracownik\u00f3w oraz ich os\u00f3b bliskich, na zasadach innych ni\u017c w stosunku do os\u00f3b trzecich, w szczeg\u00f3lno\u015bci je\u015bli przekazanie to nast\u0119puje bezp\u0142atnie lub na preferencyjnych warunkach,<\/li>\n<li>wykorzystywania maj\u0105tku Fundacji na rzecz jej cz\u0142onk\u00f3w, cz\u0142onk\u00f3w organ\u00f3w lub pracownik\u00f3w oraz ich os\u00f3b bliskich na zasadach innych ni\u017c w stosunku do os\u00f3b trzecich chyba, \u017ce to wykorzystanie bezpo\u015brednio wynika ze statutowego celu\u00a0 Fundacji,<\/li>\n<li>zakupu na szczeg\u00f3lnych zasadach towar\u00f3w lub us\u0142ug od podmiot\u00f3w, w kt\u00f3rych uczestnicz\u0105 cz\u0142onkowie Fundacji, cz\u0142onkowie jej organ\u00f3w lub pracownicy oraz ich osoby bliskie.<\/li>\n<\/ol>\n<\/div>\n<div>\n<p>Rozdzia\u0142 IV<\/p>\n<p>ORGANY FUNDACJI<\/p>\n<p>\u00a7 20<\/p>\n<p>Organami Fundacji s\u0105:<\/p>\n<p>&#8211; Rada Fundacji zwana dalej &#8222;Rad\u0105&#8221;<\/p>\n<p>&#8211; Zarz\u0105d Fundacji zwany dalej &#8222;Zarz\u0105dem&#8221;<\/p>\n<p>\u00a7 21<\/p>\n<ol>\n<li>Rada liczy co najmniej 3 osoby.<\/li>\n<li>Rad\u0119 powo\u0142uj\u0105 Fundatorzy. Kadencja Rady trwa pi\u0119\u0107 lat.<\/li>\n<li>Rada wybiera spo\u015br\u00f3d swoich cz\u0142onk\u00f3w Przewodnicz\u0105cego Rady.<\/li>\n<li>Przewodnicz\u0105cy Rady reprezentuje Rad\u0119 na zewn\u0105trz, przygotowuje posiedzenia Rady oraz przewodniczy posiedzeniom Rady.<\/li>\n<li>Nie mo\u017cna \u0142\u0105czy\u0107 cz\u0142onkostwa w Radzie Fundacji z pe\u0142nieniem funkcji w Zarz\u0105dzie lub ze stosunkiem pracy z Fundacj\u0105.<\/li>\n<\/ol>\n<p>\u00a7 22<\/p>\n<p>Cz\u0142onkowie Rady Fundacji nie mog\u0105:<\/p>\n<ol>\n<li>Pozostawa\u0107 w stosunku pokrewie\u0144stwa, powinowactwa lub podleg\u0142o\u015bci z tytu\u0142u zatrudnienia z cz\u0142onkami Zarz\u0105du,<\/li>\n<li>By\u0107 skazani prawomocnym wyrokiem za przest\u0119pstwo z winy umy\u015blnej.<\/li>\n<\/ol>\n<p>\u00a7 23<\/p>\n<ol>\n<li>Cz\u0142onkostwo w Radzie ustaje z chwil\u0105 zako\u0144czenia kadencji, z\u0142o\u017cenia &#8211; skierowanej na r\u0119ce Rady &#8211; pisemnej rezygnacji cz\u0142onka z udzia\u0142u w pracach Rady lub z chwil\u0105 \u015bmierci.<\/li>\n<\/ol>\n<ol>\n<li>W szczeg\u00f3lnie uzasadnionych przypadkach odwo\u0142anie cz\u0142onka Rady mo\u017ce nast\u0105pi\u0107 w wyniku tajnego g\u0142osowania pozosta\u0142ych jej cz\u0142onk\u00f3w.<\/li>\n<\/ol>\n<p>\u00a7 24<\/p>\n<ol>\n<li>Rada pracuje na posiedzeniach, kt\u00f3re odbywaj\u0105 si\u0119 nie rzadziej ni\u017c raz w roku.<\/li>\n<li>Posiedzenia Rady zwo\u0142uje Przewodnicz\u0105cy Rady z w\u0142asnej inicjatywy, b\u0105d\u017a na wniosek Zarz\u0105du lub po\u0142owy cz\u0142onk\u00f3w Rady &#8211; zg\u0142oszony Przewodnicz\u0105cemu Rady na pi\u015bmie.<\/li>\n<li>O terminie posiedzenia Rady Przewodnicz\u0105cy zawiadamia pozosta\u0142ych cz\u0142onk\u00f3w Rady co najmniej 15 dni przed planowanym posiedzeniem.<\/li>\n<li>W razie niemo\u017cno\u015bci pe\u0142nienia przez Przewodnicz\u0105cego Rady obowi\u0105zk\u00f3w, jego funkcje pe\u0142ni inny cz\u0142onek Rady przez niego upowa\u017cniony. W sytuacji, gdy brak jest takiego upowa\u017cnienia, obowi\u0105zki Przewodnicz\u0105cego Rady pe\u0142ni inny cz\u0142onek Rady wskazany przez Rad\u0119.<\/li>\n<\/ol>\n<p>\u00a7 25<\/p>\n<p>Regulamin pracy Rady ustalaj\u0105 Fundatorzy.<\/p>\n<p>\u00a7 26<\/p>\n<p>1. Rada podejmuje decyzje w formie uchwa\u0142.<\/p>\n<p>2. Z zastrze\u017ceniem wyj\u0105tk\u00f3w przewidzianych w statucie uchwa\u0142y Rady zapadaj\u0105 zwyk\u0142\u0105 wi\u0119kszo\u015bci\u0105 g\u0142os\u00f3w w obecno\u015bci co najmniej po\u0142owy sk\u0142adu jej cz\u0142onk\u00f3w. W przypadku r\u00f3wnej liczby g\u0142os\u00f3w decyduje g\u0142os Przewodnicz\u0105cego Rady.<\/p>\n<p>\u00a7 27<\/p>\n<p>Do udzia\u0142u w posiedzeniach Rady mog\u0105 by\u0107 zapraszane osoby spoza grona cz\u0142onk\u00f3w Rady &#8211; z g\u0142osem doradczym.<\/p>\n<p>\u00a7 28<\/p>\n<p>Cz\u0142onkowie Rady nie pobieraj\u0105 wynagrodzenia za udzia\u0142 w pracach Rady, mog\u0105 jednak w uzasadnionych przypadkach domaga\u0107 si\u0119 zwrotu poniesionych wydatk\u00f3w zwi\u0105zanych z t\u0105 dzia\u0142alno\u015bci\u0105.<\/p>\n<p>\u00a7 29<\/p>\n<p>Do kompetencji Rady nale\u017cy:<\/p>\n<p>a)\u00a0\u00a0\u00a0\u00a0 nadz\u00f3r nad dzia\u0142alno\u015bci\u0105 Zarz\u0105du,<\/p>\n<p>b)\u00a0\u00a0\u00a0\u00a0 podejmowanie uchwa\u0142 w sprawie zmian w statucie Fundacji,<\/p>\n<p>c)\u00a0\u00a0\u00a0\u00a0 podejmowanie uchwa\u0142 zatwierdzaj\u0105cych likwidacj\u0119 Fundacji lub po\u0142\u0105czenie z inn\u0105 fundacj\u0105,<\/p>\n<p>d)\u00a0\u00a0\u00a0\u00a0 powo\u0142ywanie i odwo\u0142ywanie cz\u0142onk\u00f3w Zarz\u0105du &#8211; w tym Prezesa Zarz\u0105du,<\/p>\n<p>e)\u00a0\u00a0\u00a0\u00a0 ustalanie zasad i wysoko\u015bci wynagradzania cz\u0142onk\u00f3w Zarz\u0105du,<\/p>\n<p>f)\u00a0\u00a0\u00a0\u00a0 zatwierdzanie program\u00f3w dzia\u0142ania Fundacji,<\/p>\n<p>g)\u00a0\u00a0\u00a0\u00a0 rozpatrywanie i zatwierdzanie corocznego sprawozdania z dzia\u0142alno\u015bci Zarz\u0105du oraz udzielanie mu absolutorium.<\/p>\n<p>\u00a7 30<\/p>\n<p>Rada Fundacji w celu wykonywania swoich zada\u0144 nadzorczych i kontrolnych jest uprawniona do:<\/p>\n<ol>\n<li>\u017b\u0105dania od Zarz\u0105du przedstawienia\u00a0 wszelkich dokument\u00f3w dotycz\u0105cych dzia\u0142alno\u015bci Fundacji,<\/li>\n<li>\u017b\u0105dania z\u0142o\u017cenia przez cz\u0142onk\u00f3w Zarz\u0105du ustnych lub pisemnych wyja\u015bnie\u0144<\/li>\n<\/ol>\n<p>\u00a7 31<\/p>\n<p>Zarz\u0105d sk\u0142ada si\u0119 od\u00a0 trzech do pi\u0119ciu cz\u0142onk\u00f3w &#8211; w tym Prezesa Zarz\u0105du &#8211; powo\u0142ywanych na trzyletni\u0105 kadencj\u0119 przez Rad\u0119.<\/p>\n<p>\u00a7 32<\/p>\n<p>1. Cz\u0142onkostwo w Zarz\u0105dzie ustaje z dniem zako\u0144czenia kadencji, odwo\u0142ania przez Rad\u0119, b\u0105d\u017a z dniem \u015bmierci cz\u0142onka Zarz\u0105du.<\/p>\n<p>2. Odwo\u0142anie cz\u0142onka Zarz\u0105du przez Rad\u0119 nast\u0119puje w przypadku:<\/p>\n<p>a)\u00a0\u00a0\u00a0\u00a0 z\u0142o\u017cenia na r\u0119ce Rady pisemnej rezygnacji cz\u0142onka Zarz\u0105du z udzia\u0142u w pracach Zarz\u0105du.<\/p>\n<p>b)\u00a0\u00a0\u00a0\u00a0 podj\u0119cia pracy lub\u00a0 funkcji, kt\u00f3rej charakter uniemo\u017cliwia nale\u017cyte wykonywanie funkcji cz\u0142onka Zarz\u0105du.<\/p>\n<p>c)\u00a0\u00a0\u00a0\u00a0 nienale\u017cytego wykonywania funkcji cz\u0142onka Zarz\u0105du.<\/p>\n<p>d)\u00a0\u00a0\u00a0\u00a0 naruszenia postanowie\u0144 statutu Fundacji.<\/p>\n<\/div>\n<div>\n<p>\u00a7 33<\/p>\n<ol>\n<li>Zarz\u0105d kieruje dzia\u0142alno\u015bci\u0105 Fundacji i reprezentuje j\u0105 za zewn\u0105trz.<\/li>\n<li>Zarz\u0105d dzia\u0142a\u00a0 wed\u0142ug przyj\u0119tego przez siebie regulaminu.<\/li>\n<\/ol>\n<p>\u00a7 34<\/p>\n<p>Zarz\u0105d:<\/p>\n<p>a)\u00a0\u00a0\u00a0\u00a0 uchwala roczne i wieloletnie plany dzia\u0142ania Fundacji,<\/p>\n<p>b)\u00a0\u00a0\u00a0\u00a0 sporz\u0105dza coroczne sprawozdania z dzia\u0142alno\u015bci Fundacji i przedk\u0142ada je Radzie,<\/p>\n<p>c)\u00a0\u00a0\u00a0\u00a0 sprawuje zarz\u0105d maj\u0105tkiem Fundacji,<\/p>\n<p>d)\u00a0\u00a0\u00a0\u00a0 przyjmuje subwencje, darowizny, spadki i zapisy,<\/p>\n<p>e)\u00a0\u00a0\u00a0\u00a0 ustala wielko\u015b\u0107 zatrudnienia, zasady wynagradzania oraz wysoko\u015b\u0107 \u015brodk\u00f3w na wynagrodzenia dla pracownik\u00f3w Fundacji,<\/p>\n<p>f)\u00a0\u00a0\u00a0\u00a0 tworzy i znosi\u00a0 jednostki organizacyjne Fundacji,<\/p>\n<p>g)\u00a0\u00a0\u00a0\u00a0 wyst\u0119puje z wnioskiem o przyst\u0105pienie do sp\u00f3\u0142ek i fundacji,<\/p>\n<p>h)\u00a0\u00a0\u00a0 wyst\u0119puje z wnioskiem o likwidacj\u0119 Fundacji,<\/p>\n<p>i)\u00a0\u00a0\u00a0\u00a0\u00a0 podejmuje decyzje we wszelkich sprawach nie przekazanych do kompetencji innych organ\u00f3w.<\/p>\n<p>\u00a7 35<\/p>\n<p>1. Zarz\u0105d podejmuje decyzje w formie uchwa\u0142.<\/p>\n<p>2. Uchwa\u0142y Zarz\u0105du zapadaj\u0105 zwyk\u0142\u0105 wi\u0119kszo\u015bci\u0105 g\u0142os\u00f3w w obecno\u015bci co najmniej po\u0142owy jego cz\u0142onk\u00f3w. W przypadku r\u00f3wnej liczby g\u0142os\u00f3w decyduje g\u0142os Prezesa Zarz\u0105du.<\/p>\n<p>\u00a7 36<\/p>\n<p>1. Cz\u0142onkowie Zarz\u0105du mog\u0105 pozostawa\u0107 z Fundacj\u0105 w stosunku pracy.<\/p>\n<p>2. Wynagrodzenie cz\u0142onk\u00f3w Zarz\u0105du okre\u015bla uchwa\u0142\u0105 Rada.<\/p>\n<p>\u00a7 37<\/p>\n<p>O\u015bwiadczenie woli w imieniu Fundacji sk\u0142adaj\u0105: Prezes Zarz\u0105du samodzielnie lub dw\u00f3ch cz\u0142onk\u00f3w Zarz\u0105du \u0142\u0105cznie.<\/p>\n<p>\u00a7 38<\/p>\n<ol>\n<li>Posiedzenia Zarz\u0105du odbywaj\u0105 si\u0119 nie rzadziej ni\u017c 2 razy do roku, mog\u0105 by\u0107 r\u00f3wnie\u017c zwo\u0142ywane w razie konieczno\u015bci.<\/li>\n<li>Posiedzenie Zarz\u0105du zwo\u0142uje Prezes Zarz\u0105du z w\u0142asnej inicjatywy lub na pisemny wniosek Rady lub innego cz\u0142onka Zarz\u0105du.<\/li>\n<li>O terminie posiedzenia Zarz\u0105du Prezes zawiadamia pozosta\u0142ych cz\u0142onk\u00f3w Zarz\u0105du i Rad\u0119 co najmniej na 3 dni przed planowanym posiedzeniem.<\/li>\n<li>W razie niemo\u017cno\u015bci wype\u0142niania przez Prezesa Zarz\u0105du obowi\u0105zku okre\u015blonego w ust. 3 zawiadomienia dokonuje inny cz\u0142onek Zarz\u0105du wyznaczony przez Prezesa Zarz\u0105du.<\/li>\n<\/ol>\n<\/div>\n<div>\n<p>Rozdzia\u0142 V<\/p>\n<p>DZIA\u0141ALNO\u015a\u0106 STATUTOWA FUNDACJI<\/p>\n<p>\u00a7 39<\/p>\n<ol>\n<li>Fundacja prowadzi dzia\u0142alno\u015b\u0107 statutow\u0105 bezpo\u015brednio lub za po\u015brednictwem wyodr\u0119bnionych jednostek organizacyjnych,<\/li>\n<li>Jednostki organizacyjne Fundacji podlegaj\u0105 jej Zarz\u0105dowi,<\/li>\n<li>Kierownik jednostki organizacyjnej jest pe\u0142nomocnikiem Zarz\u0105du upowa\u017cnionym do wszelkich czynno\u015bci zwi\u0105zanych z kierowaniem t\u0105 jednostk\u0105,<\/li>\n<li>Kierownika jednostki organizacyjnej powo\u0142uje i odwo\u0142uje Zarz\u0105d,<\/li>\n<li>Zakres dzia\u0142ania jednostki organizacyjnej Fundacji oraz szczeg\u00f3\u0142owy zakres uprawnie\u0144 i obowi\u0105zk\u00f3w kierownika jednostki organizacyjnej\u00a0 okre\u015bla regulamin organizacyjny jednostki organizacyjnej uchwalony przez Zarz\u0105d Fundacji.<\/li>\n<\/ol>\n<p>\u00a7 40<\/p>\n<p>Dzia\u0142alno\u015b\u0107 odp\u0142atna Fundacji\u00a0 powinna zapewni\u0107 pe\u0142ny zwrot poniesionych nak\u0142ad\u00f3w.<\/p>\n<p>Rozdzia\u0142 VI<\/p>\n<p>ZMIANA STATUTU<\/p>\n<p>\u00a7 41<\/p>\n<p>Zmiana statutu nie mo\u017ce dotyczy\u0107 istotnych zmian cel\u00f3w Fundacji.<\/p>\n<p>\u00a7 42<\/p>\n<p>Wniosek w kwestii zmiany statutu mo\u017ce zg\u0142osi\u0107 co najmniej dw\u00f3ch Fundator\u00f3w, co najmniej 2\/3 cz\u0142onk\u00f3w Zarz\u0105du i 2\/3 cz\u0142onk\u00f3w Rady.<\/p>\n<p>Rozdzia\u0142 VII<\/p>\n<p>POSTANOWIENIA KO\u0143COWE<\/p>\n<p>\u00a7 43<\/p>\n<p>1. Dla efektywnego realizowania swoich cel\u00f3w Fundacja mo\u017ce po\u0142\u0105czy\u0107 si\u0119 z inn\u0105 fundacj\u0105.<\/p>\n<p>2. Po\u0142\u0105czenie nie mo\u017ce nast\u0105pi\u0107, je\u017celi w jego wyniku mog\u0142yby ulec istotnej zmianie cele Fundacji.<\/p>\n<p>3. Decyzje o po\u0142\u0105czeniu podejmuje Rada poprzez uchwa\u0142\u0119 podj\u0119t\u0105 wi\u0119kszo\u015bci\u0105 2\/3 g\u0142os\u00f3w w obecno\u015bci co najmniej 2\/3 sk\u0142adu cz\u0142onk\u00f3w Rady.<\/p>\n<\/div>\n<p>\u00a7 44<\/p>\n<p>1. Fundacja ulega likwidacji w razie osi\u0105gni\u0119cia cel\u00f3w, dla kt\u00f3rych zosta\u0142a ustanowiona<em> <\/em>lub wobec wyczerpania si\u0119 jej \u015brodk\u00f3w finansowych i maj\u0105tku. &#8211;<\/p>\n<p>2. Maj\u0105tek Fundacji pozosta\u0142y po przeprowadzeniu likwidacji Fundacji zostanie przekazany instytucjom wskazanym przez Rad\u0119, kt\u00f3rych dzia\u0142alno\u015b\u0107 jest zbie\u017cna z celami Fundacji.<\/p>\n<p>\u00a7 45<\/p>\n<p>Decyzj\u0119 o likwidacji Fundacji podejmuje Zarz\u0105d poprzez uchwa\u0142\u0119 podj\u0119t\u0105 wi\u0119kszo\u015bci\u0105 2\/3 g\u0142os\u00f3w w obecno\u015bci co najmniej 3\/4 sk\u0142adu cz\u0142onk\u00f3w Zarz\u0105du.<\/p>\n<p>\u00a7 46<\/p>\n<p>Fundacja sk\u0142ada Ministrowi &#8211; Przewodnicz\u0105cemu Komitetu Bada\u0144\u00a0 Naukowych oraz Ministrowi Gospodarki i Polityki Spo\u0142ecznej, corocznie do dnia 31 marca, sprawozdanie ze swej dzia\u0142alno\u015bci za rok ubieg\u0142y.<\/p>\n<p>\u00a7 47<\/p>\n<p>Statut wchodzi w \u017cycie z dniem zarejestrowania Fundacji przez S\u0105d Rejonowy dla miasta sto\u0142ecznego Warszawy.<\/p>\n<p><span style=\"font-size: 16px;\">\u00a0 \u00a0<\/span><span style=\"font-size: 16px;\">\u00a0<\/span><\/p>\n<p align=\"right\">Warszawa, 18 marca 2015 r.<\/p>\n","protected":false},"excerpt":{"rendered":"<p>\u00a0&#8222;Instytut Bada\u0144 nad Podstawami Demokracji&#8221; w Warszawie Rozdzia\u0142 I POSTANOWIENIA OG\u00d3LNE \u00a7 1 Fundacja pod nazw\u0105 &#8222;Instytut Bada\u0144 nad Podstawami Demokracji&#8221;\u00a0 zwana dalej Fundacj\u0105 ustanowiona przez: &#8211; Miros\u0142aw\u0119 Helen\u0119 Grabowsk\u0105 &#8211; Krystyn\u0119 Ew\u0119 Siellaw\u0119-Kolbowsk\u0105 &#8211; Krzysztofa Mariana Kose\u0142\u0119 &#8211; Tadeusza &hellip; <a href=\"http:\/\/www.ibpdem.edu.pl\/?page_id=136\">Czytaj dalej <span class=\"meta-nav\">&rarr;<\/span><\/a><\/p>\n","protected":false},"author":1,"featured_media":0,"parent":0,"menu_order":0,"comment_status":"closed","ping_status":"open","template":"","meta":{"footnotes":""},"_links":{"self":[{"href":"http:\/\/www.ibpdem.edu.pl\/index.php?rest_route=\/wp\/v2\/pages\/136"}],"collection":[{"href":"http:\/\/www.ibpdem.edu.pl\/index.php?rest_route=\/wp\/v2\/pages"}],"about":[{"href":"http:\/\/www.ibpdem.edu.pl\/index.php?rest_route=\/wp\/v2\/types\/page"}],"author":[{"embeddable":true,"href":"http:\/\/www.ibpdem.edu.pl\/index.php?rest_route=\/wp\/v2\/users\/1"}],"replies":[{"embeddable":true,"href":"http:\/\/www.ibpdem.edu.pl\/index.php?rest_route=%2Fwp%2Fv2%2Fcomments&post=136"}],"version-history":[{"count":3,"href":"http:\/\/www.ibpdem.edu.pl\/index.php?rest_route=\/wp\/v2\/pages\/136\/revisions"}],"predecessor-version":[{"id":289,"href":"http:\/\/www.ibpdem.edu.pl\/index.php?rest_route=\/wp\/v2\/pages\/136\/revisions\/289"}],"wp:attachment":[{"href":"http:\/\/www.ibpdem.edu.pl\/index.php?rest_route=%2Fwp%2Fv2%2Fmedia&parent=136"}],"curies":[{"name":"wp","href":"https:\/\/api.w.org\/{rel}","templated":true}]}}