{"id":134,"date":"2012-11-06T13:40:37","date_gmt":"2012-11-06T12:40:37","guid":{"rendered":"http:\/\/serwer1446615.home.pl\/hosting\/ibnpdem\/?page_id=134"},"modified":"2012-11-06T13:40:37","modified_gmt":"2012-11-06T12:40:37","slug":"misja","status":"publish","type":"page","link":"http:\/\/www.ibpdem.edu.pl\/?page_id=134","title":{"rendered":"Misja"},"content":{"rendered":"<p>Instytut od samego pocz\u0105tku pomy\u015blany by\u0142 jako instytucja badawcza prowadz\u0105ca badania na poziomie akademickim w dziedzinach szeroko okre\u015blonych przez jego misj\u0119 (\u00a7 8 Statutu):<\/p>\n<ul>\n<li>a) poszerzanie wiedzy naukowej i powi\u0119kszanie dorobku badawczego w dziedzinie filozoficznych, historycznych, spo\u0142ecznych, politycznych i kulturowych warunk\u00f3w powstania i funkcjonowania system\u00f3w demokratycznych we wsp\u00f3\u0142czesnych spo\u0142ecze\u0144stwach.<\/li>\n<li>b) udzielanie wsparcia osobom prowadz\u0105cym prace naukowe i badawcze w dziedzinie okre\u015blonej w punkcie a.<\/li>\n<\/ul>\n","protected":false},"excerpt":{"rendered":"<p>Instytut od samego pocz\u0105tku pomy\u015blany by\u0142 jako instytucja badawcza prowadz\u0105ca badania na poziomie akademickim w dziedzinach szeroko okre\u015blonych przez jego misj\u0119 (\u00a7 8 Statutu): a) poszerzanie wiedzy naukowej i powi\u0119kszanie dorobku badawczego w dziedzinie filozoficznych, historycznych, spo\u0142ecznych, politycznych i kulturowych &hellip; <a href=\"http:\/\/www.ibpdem.edu.pl\/?page_id=134\">Czytaj dalej <span class=\"meta-nav\">&rarr;<\/span><\/a><\/p>\n","protected":false},"author":1,"featured_media":0,"parent":0,"menu_order":0,"comment_status":"closed","ping_status":"open","template":"","meta":{"footnotes":""},"_links":{"self":[{"href":"http:\/\/www.ibpdem.edu.pl\/index.php?rest_route=\/wp\/v2\/pages\/134"}],"collection":[{"href":"http:\/\/www.ibpdem.edu.pl\/index.php?rest_route=\/wp\/v2\/pages"}],"about":[{"href":"http:\/\/www.ibpdem.edu.pl\/index.php?rest_route=\/wp\/v2\/types\/page"}],"author":[{"embeddable":true,"href":"http:\/\/www.ibpdem.edu.pl\/index.php?rest_route=\/wp\/v2\/users\/1"}],"replies":[{"embeddable":true,"href":"http:\/\/www.ibpdem.edu.pl\/index.php?rest_route=%2Fwp%2Fv2%2Fcomments&post=134"}],"version-history":[{"count":1,"href":"http:\/\/www.ibpdem.edu.pl\/index.php?rest_route=\/wp\/v2\/pages\/134\/revisions"}],"predecessor-version":[{"id":135,"href":"http:\/\/www.ibpdem.edu.pl\/index.php?rest_route=\/wp\/v2\/pages\/134\/revisions\/135"}],"wp:attachment":[{"href":"http:\/\/www.ibpdem.edu.pl\/index.php?rest_route=%2Fwp%2Fv2%2Fmedia&parent=134"}],"curies":[{"name":"wp","href":"https:\/\/api.w.org\/{rel}","templated":true}]}}